{"id":6535,"date":"2021-02-24T15:03:28","date_gmt":"2021-02-24T14:03:28","guid":{"rendered":"https:\/\/soles-mundi.com\/fr-fr\/?page_id=6535"},"modified":"2021-02-27T14:36:50","modified_gmt":"2021-02-27T13:36:50","slug":"creation-compte","status":"publish","type":"page","link":"https:\/\/soles-mundi.com\/fr-fr\/creation-compte\/","title":{"rendered":"Cr\u00e9ez votre compte"},"content":{"rendered":"\t\t<div data-elementor-type=\"wp-page\" data-elementor-id=\"6535\" class=\"elementor elementor-6535\" data-elementor-post-type=\"page\">\n\t\t\t\t\t\t<section class=\"elementor-section elementor-top-section elementor-element elementor-element-565357d elementor-section-boxed elementor-section-height-default elementor-section-height-default\" data-id=\"565357d\" data-element_type=\"section\">\n\t\t\t\t\t\t<div class=\"elementor-container elementor-column-gap-default\">\n\t\t\t\t\t<div class=\"elementor-column elementor-col-100 elementor-top-column elementor-element elementor-element-b2c3bb5\" data-id=\"b2c3bb5\" data-element_type=\"column\">\n\t\t\t<div class=\"elementor-widget-wrap elementor-element-populated\">\n\t\t\t\t\t\t<div class=\"elementor-element elementor-element-86a685f elementor-widget elementor-widget-heading\" data-id=\"86a685f\" data-element_type=\"widget\" data-widget_type=\"heading.default\">\n\t\t\t\t<div class=\"elementor-widget-container\">\n\t\t\t\t\t<span class=\"elementor-heading-title elementor-size-default\">D\u00e9j\u00e0 un compte ? <a style=\"color: #57A8FF\" href=\"https:\/\/soles-mundi.com\/fr-fr\/mon-compte\/\">Connectez-vous ici<\/a><\/span>\t\t\t\t<\/div>\n\t\t\t\t<\/div>\n\t\t\t\t<div class=\"elementor-element elementor-element-b0b938a elementor-widget elementor-widget-shortcode\" data-id=\"b0b938a\" data-element_type=\"widget\" data-widget_type=\"shortcode.default\">\n\t\t\t\t<div class=\"elementor-widget-container\">\n\t\t\t\t\t\t\t<div class=\"elementor-shortcode\"><div class=\"woocommerce-notices-wrapper\"><\/div>      <form method=\"post\" class=\"woocommerce-form woocommerce-form-register register\"  >\n \n           \n    <p class=\"form-row form-row-first\">\n    <label for=\"reg_billing_first_name\">Pr\u00e9nom <span class=\"required\">*<\/span><\/label>\n    <input type=\"text\" class=\"input-text\" name=\"billing_first_name\" id=\"reg_billing_first_name\" value=\"\" \/>\n    <\/p>\n  \n    <p class=\"form-row form-row-last\">\n    <label for=\"reg_billing_last_name\">Nom <span class=\"required\">*<\/span><\/label>\n    <input type=\"text\" class=\"input-text\" name=\"billing_last_name\" id=\"reg_billing_last_name\" value=\"\" \/>\n    <\/p>\n  \n    <div class=\"clear\"><\/div>\n  \n     \n          \n         <p class=\"woocommerce-form-row woocommerce-form-row--wide form-row form-row-wide\">\n            <label for=\"reg_email\">Adresse e-mail <span class=\"required\">*<\/span><\/label>\n            <input type=\"email\" class=\"woocommerce-Input woocommerce-Input--text input-text\" name=\"email\" id=\"reg_email\" autocomplete=\"email\" value=\"\" \/>         <\/p>\n \n          \n            <p class=\"woocommerce-form-row woocommerce-form-row--wide form-row form-row-wide\">\n               <label for=\"reg_password\">Mot de passe <span class=\"required\">*<\/span><\/label>\n               <input type=\"password\" class=\"woocommerce-Input woocommerce-Input--text input-text\" name=\"password\" id=\"reg_password\" autocomplete=\"new-password\" \/>\n            <\/p>\n \n          \n         <wc-order-attribution-inputs><\/wc-order-attribution-inputs><div class=\"woocommerce-privacy-policy-text\"><\/div>\n<p class=\"automatewoo-optin form-row\">\n\t<label class=\"woocommerce-form__label woocommerce-form__label-for-checkbox checkbox\">\n\t\t<input type=\"checkbox\" class=\"woocommerce-form__input woocommerce-form__input-checkbox input-checkbox\" name=\"automatewoo_optin\"  id=\"automatewoo_optin\" \/>\n\t\t<span class=\"automatewoo-optin__checkbox-text\">Recevez nos contenus gratuits et offres promotionnelles en exclusivit\u00e9 par e-mail !<\/span>\n\t<\/label>\n<\/p> \n         <p class=\"woocommerce-FormRow form-row\">\n            <input type=\"hidden\" id=\"woocommerce-register-nonce\" name=\"woocommerce-register-nonce\" value=\"d2c6944e41\" \/><input type=\"hidden\" name=\"_wp_http_referer\" value=\"\/fr-fr\/wp-json\/wp\/v2\/pages\/6535\" \/>            <button type=\"submit\" class=\"woocommerce-Button woocommerce-button button woocommerce-form-register__submit\" name=\"register\" value=\"S\u2019inscrire\">S\u2019inscrire<\/button>\n         <\/p>\n \n          \n      <\/form>\n \n   <\/div>\n\t\t\t\t\t\t<\/div>\n\t\t\t\t<\/div>\n\t\t\t\t<div class=\"elementor-element elementor-element-5bf0936 elementor-widget elementor-widget-text-editor\" data-id=\"5bf0936\" data-element_type=\"widget\" id=\"disclaimer\" data-widget_type=\"text-editor.default\">\n\t\t\t\t<div class=\"elementor-widget-container\">\n\t\t\t\t\t\t\t\t\t<p>En cliquant sur le bouton ci-dessus, vous affirmez avoir pris connaissance de notre <a href=\"https:\/\/soles-mundi.com\/fr-fr\/confidentialite\/\" target=\"_blank\" rel=\"noopener\">politique de confidentialit\u00e9<\/a>.<\/p>\t\t\t\t\t\t\t\t<\/div>\n\t\t\t\t<\/div>\n\t\t\t\t\t<\/div>\n\t\t<\/div>\n\t\t\t\t\t<\/div>\n\t\t<\/section>\n\t\t\t\t<\/div>\n\t\t","protected":false},"excerpt":{"rendered":"<p>D\u00e9j\u00e0 un compte ? Connectez-vous ici En cliquant sur le bouton ci-dessus, vous affirmez avoir pris connaissance de notre politique de confidentialit\u00e9.<\/p>\n","protected":false},"author":1,"featured_media":0,"parent":0,"menu_order":0,"comment_status":"closed","ping_status":"closed","template":"","meta":{"_acf_changed":false,"footnotes":""},"folder":[],"class_list":["post-6535","page","type-page","status-publish","hentry"],"acf":[],"yoast_head":"<!-- This site is optimized with the Yoast SEO plugin v26.8 - https:\/\/yoast.com\/product\/yoast-seo-wordpress\/ -->\n<title>Cr\u00e9ez votre compte - Soles Mundi<\/title>\n<meta name=\"robots\" content=\"noindex, follow\" \/>\n<meta property=\"og:locale\" content=\"fr_FR\" \/>\n<meta property=\"og:type\" content=\"article\" \/>\n<meta property=\"og:title\" content=\"Cr\u00e9ez votre compte - Soles Mundi\" \/>\n<meta property=\"og:description\" content=\"D\u00e9j\u00e0 un compte ? Connectez-vous ici En cliquant sur le bouton ci-dessus, vous affirmez avoir pris connaissance de notre politique de confidentialit\u00e9.\" \/>\n<meta property=\"og:url\" content=\"https:\/\/soles-mundi.com\/fr-fr\/creation-compte\/\" \/>\n<meta property=\"og:site_name\" content=\"Soles Mundi\" \/>\n<meta property=\"article:modified_time\" content=\"2021-02-27T13:36:50+00:00\" \/>\n<meta name=\"twitter:card\" content=\"summary_large_image\" \/>\n<meta name=\"twitter:label1\" content=\"Dur\u00e9e de lecture estim\u00e9e\" \/>\n\t<meta name=\"twitter:data1\" content=\"1 minute\" \/>\n<script type=\"application\/ld+json\" class=\"yoast-schema-graph\">{\"@context\":\"https:\/\/schema.org\",\"@graph\":[{\"@type\":\"WebPage\",\"@id\":\"https:\/\/soles-mundi.com\/fr-fr\/creation-compte\/\",\"url\":\"https:\/\/soles-mundi.com\/fr-fr\/creation-compte\/\",\"name\":\"Cr\u00e9ez votre compte - Soles Mundi\",\"isPartOf\":{\"@id\":\"https:\/\/soles-mundi.com\/fr-fr\/#website\"},\"datePublished\":\"2021-02-24T14:03:28+00:00\",\"dateModified\":\"2021-02-27T13:36:50+00:00\",\"breadcrumb\":{\"@id\":\"https:\/\/soles-mundi.com\/fr-fr\/creation-compte\/#breadcrumb\"},\"inLanguage\":\"fr-FR\",\"potentialAction\":[{\"@type\":\"ReadAction\",\"target\":[\"https:\/\/soles-mundi.com\/fr-fr\/creation-compte\/\"]}]},{\"@type\":\"BreadcrumbList\",\"@id\":\"https:\/\/soles-mundi.com\/fr-fr\/creation-compte\/#breadcrumb\",\"itemListElement\":[{\"@type\":\"ListItem\",\"position\":1,\"name\":\"Soles Mundi\",\"item\":\"https:\/\/soles-mundi.com\/fr-fr\/\"},{\"@type\":\"ListItem\",\"position\":2,\"name\":\"Cr\u00e9ez votre compte\"}]},{\"@type\":\"WebSite\",\"@id\":\"https:\/\/soles-mundi.com\/fr-fr\/#website\",\"url\":\"https:\/\/soles-mundi.com\/fr-fr\/\",\"name\":\"Soles Mundi\",\"description\":\"Laboratoire belge sp\u00e9cialis\u00e9 dans le silicium organique\",\"potentialAction\":[{\"@type\":\"SearchAction\",\"target\":{\"@type\":\"EntryPoint\",\"urlTemplate\":\"https:\/\/soles-mundi.com\/fr-fr\/?s={search_term_string}\"},\"query-input\":{\"@type\":\"PropertyValueSpecification\",\"valueRequired\":true,\"valueName\":\"search_term_string\"}}],\"inLanguage\":\"fr-FR\"}]}<\/script>\n<!-- \/ Yoast SEO plugin. -->","yoast_head_json":{"title":"Cr\u00e9ez votre compte - Soles Mundi","robots":{"index":"noindex","follow":"follow"},"og_locale":"fr_FR","og_type":"article","og_title":"Cr\u00e9ez votre compte - Soles Mundi","og_description":"D\u00e9j\u00e0 un compte ? Connectez-vous ici En cliquant sur le bouton ci-dessus, vous affirmez avoir pris connaissance de notre politique de confidentialit\u00e9.","og_url":"https:\/\/soles-mundi.com\/fr-fr\/creation-compte\/","og_site_name":"Soles Mundi","article_modified_time":"2021-02-27T13:36:50+00:00","twitter_card":"summary_large_image","twitter_misc":{"Dur\u00e9e de lecture estim\u00e9e":"1 minute"},"schema":{"@context":"https:\/\/schema.org","@graph":[{"@type":"WebPage","@id":"https:\/\/soles-mundi.com\/fr-fr\/creation-compte\/","url":"https:\/\/soles-mundi.com\/fr-fr\/creation-compte\/","name":"Cr\u00e9ez votre compte - Soles Mundi","isPartOf":{"@id":"https:\/\/soles-mundi.com\/fr-fr\/#website"},"datePublished":"2021-02-24T14:03:28+00:00","dateModified":"2021-02-27T13:36:50+00:00","breadcrumb":{"@id":"https:\/\/soles-mundi.com\/fr-fr\/creation-compte\/#breadcrumb"},"inLanguage":"fr-FR","potentialAction":[{"@type":"ReadAction","target":["https:\/\/soles-mundi.com\/fr-fr\/creation-compte\/"]}]},{"@type":"BreadcrumbList","@id":"https:\/\/soles-mundi.com\/fr-fr\/creation-compte\/#breadcrumb","itemListElement":[{"@type":"ListItem","position":1,"name":"Soles Mundi","item":"https:\/\/soles-mundi.com\/fr-fr\/"},{"@type":"ListItem","position":2,"name":"Cr\u00e9ez votre compte"}]},{"@type":"WebSite","@id":"https:\/\/soles-mundi.com\/fr-fr\/#website","url":"https:\/\/soles-mundi.com\/fr-fr\/","name":"Soles Mundi","description":"Laboratoire belge sp\u00e9cialis\u00e9 dans le silicium organique","potentialAction":[{"@type":"SearchAction","target":{"@type":"EntryPoint","urlTemplate":"https:\/\/soles-mundi.com\/fr-fr\/?s={search_term_string}"},"query-input":{"@type":"PropertyValueSpecification","valueRequired":true,"valueName":"search_term_string"}}],"inLanguage":"fr-FR"}]}},"_links":{"self":[{"href":"https:\/\/soles-mundi.com\/fr-fr\/wp-json\/wp\/v2\/pages\/6535","targetHints":{"allow":["GET"]}}],"collection":[{"href":"https:\/\/soles-mundi.com\/fr-fr\/wp-json\/wp\/v2\/pages"}],"about":[{"href":"https:\/\/soles-mundi.com\/fr-fr\/wp-json\/wp\/v2\/types\/page"}],"author":[{"embeddable":true,"href":"https:\/\/soles-mundi.com\/fr-fr\/wp-json\/wp\/v2\/users\/1"}],"replies":[{"embeddable":true,"href":"https:\/\/soles-mundi.com\/fr-fr\/wp-json\/wp\/v2\/comments?post=6535"}],"version-history":[{"count":0,"href":"https:\/\/soles-mundi.com\/fr-fr\/wp-json\/wp\/v2\/pages\/6535\/revisions"}],"wp:attachment":[{"href":"https:\/\/soles-mundi.com\/fr-fr\/wp-json\/wp\/v2\/media?parent=6535"}],"wp:term":[{"taxonomy":"folder","embeddable":true,"href":"https:\/\/soles-mundi.com\/fr-fr\/wp-json\/wp\/v2\/folder?post=6535"}],"curies":[{"name":"wp","href":"https:\/\/api.w.org\/{rel}","templated":true}]}}