{"id":2766,"date":"2019-09-05T21:24:44","date_gmt":"2019-09-05T19:24:44","guid":{"rendered":"https:\/\/soles-mundi.com\/fr-fr\/?page_id=2766"},"modified":"2020-08-12T14:14:21","modified_gmt":"2020-08-12T12:14:21","slug":"politique-de-remboursement","status":"publish","type":"page","link":"https:\/\/soles-mundi.com\/fr-fr\/politique-de-remboursement\/","title":{"rendered":"100% Satisfait ou Rembours\u00e9"},"content":{"rendered":"\t\t<div data-elementor-type=\"wp-post\" data-elementor-id=\"2766\" class=\"elementor elementor-2766\" data-elementor-post-type=\"page\">\n\t\t\t\t\t\t<section class=\"elementor-section elementor-top-section elementor-element elementor-element-42301bb elementor-section-boxed elementor-section-height-default elementor-section-height-default\" data-id=\"42301bb\" data-element_type=\"section\">\n\t\t\t\t\t\t<div class=\"elementor-container elementor-column-gap-default\">\n\t\t\t\t\t<div class=\"elementor-column elementor-col-100 elementor-top-column elementor-element elementor-element-649b972\" data-id=\"649b972\" data-element_type=\"column\">\n\t\t\t<div class=\"elementor-widget-wrap elementor-element-populated\">\n\t\t\t\t\t\t<div class=\"elementor-element elementor-element-fc499bb elementor-widget elementor-widget-text-editor\" data-id=\"fc499bb\" data-element_type=\"widget\" data-widget_type=\"text-editor.default\">\n\t\t\t\t<div class=\"elementor-widget-container\">\n\t\t\t\t\t\t\t\t\t<p>Nous nous engageons \u00e0 vous offrir les meilleures solutions naturelles th\u00e9rapeutiques.<\/p><p>Mais notre exp\u00e9rience en th\u00e9rapeutique nous a appris que chacun est unique. Et que les avantages d\u2019un produit peuvent varier d\u2019une personne \u00e0 l\u2019autre.<\/p><p>Pour cela, nous avons mis en place une politique de remboursement qui vous permettra de d\u00e9couvrir les bienfaits de tous nos produits sans risque.<\/p><p>Ainsi, nous nous engageons \u00e0 vous rembourser l\u2019enti\u00e8ret\u00e9 de votre commande si vous n\u2019\u00eates pas satisfait.e des effets th\u00e9rapeutiques de notre offre. Cette garantie est illimit\u00e9e dans le temps.<\/p><p>Pour faire valoir votre garantie, il vous suffit de nous contacter par e-mail soit via le <a href=\"https:\/\/soles-mundi.com\/fr-fr\/contact\/\">formulaire de contact.<\/a> Soit directement en envoyant un e-mail \u00e0 l&rsquo;adresse <a href=\"mailto:info@soles-mundi.com\">info@soles-mundi.com<\/a>.<\/p><ul><li>Notre garantie 100% Satisfait ou Rembours\u00e9 \u00e0 vie vous permet de tester nos produits sans aucun risque. Ainsi, une seule demande de remboursement peut \u00eatre accept\u00e9e, par produit et par client.<\/li><li style=\"margin: 20px 0;\">Nous nous engageons \u00e0 rembourser l&rsquo;enti\u00e8ret\u00e9 de votre commande si vous n&rsquo;\u00eates pas satisfait des effets th\u00e9rapeutiques de votre cure. Ainsi, vous devez avoir suivi l&rsquo;ensemble de votre cure en respectant ses conseils d&rsquo;utilisation pour qu&rsquo;une demande de remboursement soit recevable.<\/li><li>Notre garantie 100% Satisfait ou Rembours\u00e9 \u00e0 vie ne peut s\u2019appliquer en cas d\u2019utilisation abusive (par ex : demandes de remboursements multiples, insatisfaction non li\u00e9e aux effets th\u00e9rapeutiques, &#8230;)<\/li><\/ul><p>Vous avez besoin d&rsquo;informations suppl\u00e9mentaires ? Vous pouvez nous contacter du lundi au vendredi de 8 \u00e0 17h au <a href=\"tel:+3228802929\">+32 28 80 29 29<\/a>.<\/p><p>Vous pouvez \u00e9galement nous envoyer un e-mail \u00e0 l&rsquo;adresse <a href=\"mailto:info@soles-mundi.com\">info@soles-mundi.com<\/a>.<\/p>\t\t\t\t\t\t\t\t<\/div>\n\t\t\t\t<\/div>\n\t\t\t\t\t<\/div>\n\t\t<\/div>\n\t\t\t\t\t<\/div>\n\t\t<\/section>\n\t\t\t\t<\/div>\n\t\t","protected":false},"excerpt":{"rendered":"<p>Nous nous engageons \u00e0 vous offrir les meilleures solutions naturelles th\u00e9rapeutiques. Mais notre exp\u00e9rience en th\u00e9rapeutique nous a appris que chacun est unique. Et que les avantages d\u2019un produit peuvent varier d\u2019une personne \u00e0 l\u2019autre. Pour cela, nous avons mis en place une politique de remboursement qui vous permettra de d\u00e9couvrir les bienfaits de tous [&hellip;]<\/p>\n","protected":false},"author":1,"featured_media":0,"parent":0,"menu_order":0,"comment_status":"closed","ping_status":"closed","template":"","meta":{"_acf_changed":false,"footnotes":""},"folder":[36],"class_list":["post-2766","page","type-page","status-publish","hentry"],"acf":[],"yoast_head":"<!-- This site is optimized with the Yoast SEO plugin v26.8 - https:\/\/yoast.com\/product\/yoast-seo-wordpress\/ -->\n<title>100% Satisfait ou Rembours\u00e9 - Soles Mundi<\/title>\n<meta name=\"robots\" content=\"noindex, follow\" \/>\n<meta property=\"og:locale\" content=\"fr_FR\" \/>\n<meta property=\"og:type\" content=\"article\" \/>\n<meta property=\"og:title\" content=\"100% Satisfait ou Rembours\u00e9 - Soles Mundi\" \/>\n<meta property=\"og:description\" content=\"Nous nous engageons \u00e0 vous offrir les meilleures solutions naturelles th\u00e9rapeutiques. Mais notre exp\u00e9rience en th\u00e9rapeutique nous a appris que chacun est unique. Et que les avantages d\u2019un produit peuvent varier d\u2019une personne \u00e0 l\u2019autre. Pour cela, nous avons mis en place une politique de remboursement qui vous permettra de d\u00e9couvrir les bienfaits de tous [&hellip;]\" \/>\n<meta property=\"og:url\" content=\"https:\/\/soles-mundi.com\/fr-fr\/politique-de-remboursement\/\" \/>\n<meta property=\"og:site_name\" content=\"Soles Mundi\" \/>\n<meta property=\"article:modified_time\" content=\"2020-08-12T12:14:21+00:00\" \/>\n<meta name=\"twitter:card\" content=\"summary_large_image\" \/>\n<meta name=\"twitter:label1\" content=\"Dur\u00e9e de lecture estim\u00e9e\" \/>\n\t<meta name=\"twitter:data1\" content=\"1 minute\" \/>\n<script type=\"application\/ld+json\" class=\"yoast-schema-graph\">{\"@context\":\"https:\/\/schema.org\",\"@graph\":[{\"@type\":\"WebPage\",\"@id\":\"https:\/\/soles-mundi.com\/fr-fr\/politique-de-remboursement\/\",\"url\":\"https:\/\/soles-mundi.com\/fr-fr\/politique-de-remboursement\/\",\"name\":\"100% Satisfait ou Rembours\u00e9 - Soles Mundi\",\"isPartOf\":{\"@id\":\"https:\/\/soles-mundi.com\/fr-fr\/#website\"},\"datePublished\":\"2019-09-05T19:24:44+00:00\",\"dateModified\":\"2020-08-12T12:14:21+00:00\",\"breadcrumb\":{\"@id\":\"https:\/\/soles-mundi.com\/fr-fr\/politique-de-remboursement\/#breadcrumb\"},\"inLanguage\":\"fr-FR\",\"potentialAction\":[{\"@type\":\"ReadAction\",\"target\":[\"https:\/\/soles-mundi.com\/fr-fr\/politique-de-remboursement\/\"]}]},{\"@type\":\"BreadcrumbList\",\"@id\":\"https:\/\/soles-mundi.com\/fr-fr\/politique-de-remboursement\/#breadcrumb\",\"itemListElement\":[{\"@type\":\"ListItem\",\"position\":1,\"name\":\"Soles Mundi\",\"item\":\"https:\/\/soles-mundi.com\/fr-fr\/\"},{\"@type\":\"ListItem\",\"position\":2,\"name\":\"100% Satisfait ou Rembours\u00e9\"}]},{\"@type\":\"WebSite\",\"@id\":\"https:\/\/soles-mundi.com\/fr-fr\/#website\",\"url\":\"https:\/\/soles-mundi.com\/fr-fr\/\",\"name\":\"Soles Mundi\",\"description\":\"Laboratoire belge sp\u00e9cialis\u00e9 dans le silicium organique\",\"potentialAction\":[{\"@type\":\"SearchAction\",\"target\":{\"@type\":\"EntryPoint\",\"urlTemplate\":\"https:\/\/soles-mundi.com\/fr-fr\/?s={search_term_string}\"},\"query-input\":{\"@type\":\"PropertyValueSpecification\",\"valueRequired\":true,\"valueName\":\"search_term_string\"}}],\"inLanguage\":\"fr-FR\"}]}<\/script>\n<!-- \/ Yoast SEO plugin. -->","yoast_head_json":{"title":"100% Satisfait ou Rembours\u00e9 - Soles Mundi","robots":{"index":"noindex","follow":"follow"},"og_locale":"fr_FR","og_type":"article","og_title":"100% Satisfait ou Rembours\u00e9 - Soles Mundi","og_description":"Nous nous engageons \u00e0 vous offrir les meilleures solutions naturelles th\u00e9rapeutiques. Mais notre exp\u00e9rience en th\u00e9rapeutique nous a appris que chacun est unique. Et que les avantages d\u2019un produit peuvent varier d\u2019une personne \u00e0 l\u2019autre. Pour cela, nous avons mis en place une politique de remboursement qui vous permettra de d\u00e9couvrir les bienfaits de tous [&hellip;]","og_url":"https:\/\/soles-mundi.com\/fr-fr\/politique-de-remboursement\/","og_site_name":"Soles Mundi","article_modified_time":"2020-08-12T12:14:21+00:00","twitter_card":"summary_large_image","twitter_misc":{"Dur\u00e9e de lecture estim\u00e9e":"1 minute"},"schema":{"@context":"https:\/\/schema.org","@graph":[{"@type":"WebPage","@id":"https:\/\/soles-mundi.com\/fr-fr\/politique-de-remboursement\/","url":"https:\/\/soles-mundi.com\/fr-fr\/politique-de-remboursement\/","name":"100% Satisfait ou Rembours\u00e9 - Soles Mundi","isPartOf":{"@id":"https:\/\/soles-mundi.com\/fr-fr\/#website"},"datePublished":"2019-09-05T19:24:44+00:00","dateModified":"2020-08-12T12:14:21+00:00","breadcrumb":{"@id":"https:\/\/soles-mundi.com\/fr-fr\/politique-de-remboursement\/#breadcrumb"},"inLanguage":"fr-FR","potentialAction":[{"@type":"ReadAction","target":["https:\/\/soles-mundi.com\/fr-fr\/politique-de-remboursement\/"]}]},{"@type":"BreadcrumbList","@id":"https:\/\/soles-mundi.com\/fr-fr\/politique-de-remboursement\/#breadcrumb","itemListElement":[{"@type":"ListItem","position":1,"name":"Soles Mundi","item":"https:\/\/soles-mundi.com\/fr-fr\/"},{"@type":"ListItem","position":2,"name":"100% Satisfait ou Rembours\u00e9"}]},{"@type":"WebSite","@id":"https:\/\/soles-mundi.com\/fr-fr\/#website","url":"https:\/\/soles-mundi.com\/fr-fr\/","name":"Soles Mundi","description":"Laboratoire belge sp\u00e9cialis\u00e9 dans le silicium organique","potentialAction":[{"@type":"SearchAction","target":{"@type":"EntryPoint","urlTemplate":"https:\/\/soles-mundi.com\/fr-fr\/?s={search_term_string}"},"query-input":{"@type":"PropertyValueSpecification","valueRequired":true,"valueName":"search_term_string"}}],"inLanguage":"fr-FR"}]}},"_links":{"self":[{"href":"https:\/\/soles-mundi.com\/fr-fr\/wp-json\/wp\/v2\/pages\/2766","targetHints":{"allow":["GET"]}}],"collection":[{"href":"https:\/\/soles-mundi.com\/fr-fr\/wp-json\/wp\/v2\/pages"}],"about":[{"href":"https:\/\/soles-mundi.com\/fr-fr\/wp-json\/wp\/v2\/types\/page"}],"author":[{"embeddable":true,"href":"https:\/\/soles-mundi.com\/fr-fr\/wp-json\/wp\/v2\/users\/1"}],"replies":[{"embeddable":true,"href":"https:\/\/soles-mundi.com\/fr-fr\/wp-json\/wp\/v2\/comments?post=2766"}],"version-history":[{"count":0,"href":"https:\/\/soles-mundi.com\/fr-fr\/wp-json\/wp\/v2\/pages\/2766\/revisions"}],"wp:attachment":[{"href":"https:\/\/soles-mundi.com\/fr-fr\/wp-json\/wp\/v2\/media?parent=2766"}],"wp:term":[{"taxonomy":"folder","embeddable":true,"href":"https:\/\/soles-mundi.com\/fr-fr\/wp-json\/wp\/v2\/folder?post=2766"}],"curies":[{"name":"wp","href":"https:\/\/api.w.org\/{rel}","templated":true}]}}