{"id":91,"date":"2019-05-16T22:42:11","date_gmt":"2019-05-16T20:42:11","guid":{"rendered":"https:\/\/soles-mundi.com\/fr-fr\/?page_id=91"},"modified":"2019-05-16T22:42:11","modified_gmt":"2019-05-16T20:42:11","slug":"conditions-generales","status":"publish","type":"page","link":"https:\/\/soles-mundi.com\/es-es\/conditions-generales\/","title":{"rendered":"Conditions g\u00e9n\u00e9rales de vente"},"content":{"rendered":"\n<h2 class=\"wp-block-heading\"><strong>ARTICLE 1<\/strong> : <strong>PR\u00c9AMBULE<\/strong><\/h2>\n\n\n\n<p>Les pr\u00e9sentes conditions de vente sont conclues, d\u2019une part, par la\nsoci\u00e9t\u00e9 SOLES MUNDI SPRL, dont le si\u00e8ge social est sis \u00e0 Avenue de Lambusart\n25(1) 6220 Fleurus, inscrite \u00e0 la BCE sous le num\u00e9ro 0683 984 414, ci-apr\u00e8s\nd\u00e9nomm\u00e9e \u00ab&nbsp;<em>Le\nvendeur\/fabricant&nbsp;\u00bb<\/em>, et d\u2019autre part, par toute personne physique ou\nmorale non-assujettie \u00e0 la TVA souhaitant proc\u00e9der \u00e0 un achat via le site\nInternet du vendeur\/fabricant, d\u00e9nomm\u00e9e ci-apr\u00e8s \u00ab&nbsp;<em>L\u2019acheteur&nbsp;\u00bb<\/em>. <\/p>\n\n\n\n<h2 class=\"wp-block-heading\"><strong>ARTICLE 2 :<\/strong> <strong>OBJET<\/strong><\/h2>\n\n\n\n<p>Les pr\u00e9sentes conditions de vente visent \u00e0 d\u00e9finir les conditions\napplicables \u00e0 tout achat effectu\u00e9 par l\u2019acheteur sur le site Internet du\nvendeur\/fabricant. <\/p>\n\n\n\n<p>L\u2019acquisition d\u2019un bien \u00e0 travers le pr\u00e9sent site implique une\nacceptation sans r\u00e9serve par l\u2019acheteur des conditions de vente. <\/p>\n\n\n\n<p>Ces conditions de vente pr\u00e9vaudront sur toutes autres conditions\ng\u00e9n\u00e9rales ou particuli\u00e8res non express\u00e9ment agr\u00e9\u00e9es par le vendeur\/fabricant. <\/p>\n\n\n\n<p>Le vendeur\/fabricant se r\u00e9serve le pouvoir de modifier ses conditions de\nvente \u00e0 tout moment. Dans ce cas, les conditions applicables seront celles en\nvigueur \u00e0 la date de la commande par l\u2019acheteur. <\/p>\n\n\n\n<h2 class=\"wp-block-heading\"><strong>ARTICLE 3 : CARACT\u00c9RISTIQUES DES BIENS PROPOS\u00c9S<\/strong><\/h2>\n\n\n\n<p>Les produits offerts sont ceux qui figurent dans le catalogue publi\u00e9 sur\nle site du vendeur\/fabricant. <\/p>\n\n\n\n<p>Chaque produit est accompagn\u00e9 d\u2019un descriptif \u00e9tabli par le\nvendeur\/fabricant. <\/p>\n\n\n\n<p>Les photographies et repr\u00e9sentations graphiques des produits dans le\ncatalogue sont les plus fid\u00e8les possibles mais ne peuvent assurer une\nsimilitude parfaite avec le produit offert, notamment en ce qui concerne les\ncouleurs. <\/p>\n\n\n\n<p>Ces produits sont offerts dans la limite des stocks disponibles. Si,\nmalgr\u00e9 ses efforts, tout ou partie des articles sont indisponibles, le\nvendeur\/fabricant en informe l\u2019acheteur par e-mail dans les meilleurs d\u00e9lais,\net lui offre la possibilit\u00e9 de choisir entre patienter ou annuler sans frais la\ncommandes des articles indisponibles. Les articles disponibles seront livr\u00e9s\nnormalement. <\/p>\n\n\n\n<h2 class=\"wp-block-heading\"><strong>ARTICLE 4 :<\/strong> <strong>TARIFS<\/strong><\/h2>\n\n\n\n<p>Les prix des produits affich\u00e9s sur le site sont indiqu\u00e9s en euros,\ntoutes taxes comprises (TVA et autres taxes applicables). <\/p>\n\n\n\n<p>Le vendeur\/fabricant se r\u00e9serve le droit de modifier ses prix \u00e0 tout\nmoment. N\u00e9anmoins, les prix applicables \u00e0 la commande sont ceux en vigueur au\nmoment de la confirmation de celle-ci. <\/p>\n\n\n\n<p>Les prix indiqu\u00e9s dans le catalogue ne comprennent pas les frais de\ntransport et de livraison pour autant qu\u2019elles aient lieu dans les zones\ng\u00e9ographiques pr\u00e9vues ci-apr\u00e8s. Par ailleurs, les frais de transport et de\nlivraison dans les zones g\u00e9ographiques pr\u00e9vues seront communiqu\u00e9s \u00e0 l\u2019acheteur\nlors de la confirmation de sa commande dans le panier, sur le site Internet du\nvendeur\/fabricant. <\/p>\n\n\n\n<h2 class=\"wp-block-heading\"><strong>ARTICLE 5 :<\/strong> <strong>ZONES G\u00c9OGRAPHIQUES<\/strong><\/h2>\n\n\n\n<p>La vente en ligne des services pr\u00e9sent\u00e9s sur le site du\nvendeur\/fabricant est r\u00e9serv\u00e9e aux acheteurs qui r\u00e9sident en Belgique, en\nFrance et en Espagne, et pour des livraisons requises dans ces zones\ng\u00e9ographiques. <\/p>\n\n\n\n<h2 class=\"wp-block-heading\"><strong>ARTICLE 6 : COMMANDES<\/strong><\/h2>\n\n\n\n<p>L\u2019acheteur qui souhaite acheter un produit doit obligatoirement&nbsp;:<\/p>\n\n\n\n<ul class=\"wp-block-list\"><li>Remplir la\nfiche d\u2019identification sur laquelle il indiquera les coordonn\u00e9es demand\u00e9es ou\ndonner sur num\u00e9ro de client si il en a un&nbsp;;<\/li><li>V\u00e9rifier\nle bon de commande g\u00e9n\u00e9r\u00e9 automatiquement par le syst\u00e8me e-commerce du\nvendeur\/fabricant, de sorte \u00e0 s\u2019assurer que la commande correspond \u00e0 ses\nbesoins&nbsp;;<\/li><li>Valider sa\ncommande apr\u00e8s l\u2019avoir v\u00e9rifi\u00e9e&nbsp;;<\/li><li>Effectuer\nle paiement dans les conditions pr\u00e9vues&nbsp;;<\/li><li>Confirmer\nsa commande et son r\u00e8glement.<\/li><\/ul>\n\n\n\n<p>La confirmation de la commande entraine acceptation des pr\u00e9sentes\nconditions de vente et la reconnaissance d\u2019en avoir parfaite connaissance.<\/p>\n\n\n\n<p>L\u2019ensemble des donn\u00e9es fournies et la confirmation enregistr\u00e9e vaudront\npreuve de la transaction. La confirmation vaudra signature et acceptation des\nop\u00e9rations effectu\u00e9es.<\/p>\n\n\n\n<p>Le vendeur\/fabricant communiquera par courrier \u00e9lectronique confirmation\nde la commande enregistr\u00e9e. <\/p>\n\n\n\n<h2 class=\"wp-block-heading\"><strong>ARTICLE 7 : DROIT DE RENONCIATION<\/strong><\/h2>\n\n\n\n<p>Conform\u00e9ment \u00e0 la loi, le consommateur a le droit de notifier au\nvendeur\/fabricant qu\u2019il renonce \u00e0 son achat, sans p\u00e9nalit\u00e9 et sans indication\nde motif, dans les 14 jours ouvrables \u00e0 dater du lendemain du jour de la\nlivraison du produit. <\/p>\n\n\n\n<p>End\u00e9ans ce d\u00e9lai, le consommateur doit notifier son intention de\nrenoncer par e-mail et retourner, \u00e0 ses frais et \u00e0 ses risques, le produit\nlivr\u00e9 au si\u00e8ge administratif de Soles Mundi&nbsp;: Avenue de Lambusart 25(1)\n6220 Fleurus. <\/p>\n\n\n\n<p>Les produits doivent \u00eatre imp\u00e9rativement retourn\u00e9s dans leur emballage\nd\u2019origine, non endommag\u00e9s, accompagn\u00e9s de tous leurs accessoires, ainsi que de\nla facture\/bon de livraison original. <\/p>\n\n\n\n<p>Les produits ainsi retourn\u00e9s doivent ne pas avoir \u00e9t\u00e9 d\u00e9ball\u00e9s,\ndescell\u00e9s, utilis\u00e9s d\u2019une quelconque mani\u00e8re. <\/p>\n\n\n\n<p>Les marchandises incompl\u00e8tes, abim\u00e9es, endommag\u00e9es ou salies par le\nclient ne seront pas reprises. <\/p>\n\n\n\n<p>Dans les 30 jours, apr\u00e8s acceptation de la reprise de la marchandise, le\nvendeur\/fabricant s\u2019engage \u00e0 rembourser le paiement \u00e9ventuel, \u00e0 l\u2019exception des\nfrais d\u2019envoi. <\/p>\n\n\n\n<h2 class=\"wp-block-heading\"><strong>ARTICLE 8 :<\/strong> <strong>MODALIT\u00c9S DE PAIEMENT<\/strong><\/h2>\n\n\n\n<p>Le paiement s\u2019effectue par carte bancaire, Visa ou Mastercard via STRIPE,\nainsi que par PAYPAL. <\/p>\n\n\n\n<p>Les articles command\u00e9s restent la propri\u00e9t\u00e9 exclusive du\nvendeur\/fabricant jusqu\u2019au paiement int\u00e9gral de la commande par l\u2019acheteur. <\/p>\n\n\n\n<h2 class=\"wp-block-heading\"><strong>ARTICLE 9 :<\/strong> <strong>LIVRAISONS<\/strong><\/h2>\n\n\n\n<p>Les livraisons sont faites en point relai choisi par l\u2019acheteur lors de\nsa prise de commande, qui ne peut \u00eatre que dans la zone g\u00e9ographique convenue. <\/p>\n\n\n\n<p>La marchandise est transport\u00e9e aux risques du vendeur\/fabricant jusqu\u2019\u00e0\nla livraison au point relai choisi par l\u2019acheteur. \u00c0 dater de ce moment,\nl\u2019acheteur en assume seul les risques. <\/p>\n\n\n\n<h2 class=\"wp-block-heading\"><strong>ARTICLE 10 :<\/strong> <strong>GARANTIE<\/strong><\/h2>\n\n\n\n<p>\u00c0 l\u2019\u00e9gard des consommateurs, le vendeur\/fabricant garantit les produits\nqu\u2019il vend conform\u00e9ment \u00e0 la loi du 1<sup>er<\/sup> septembre 2004 relative \u00e0 la\nprotection des consommateurs en cas de vente de biens de consommation (articles\n1649 bis \u00e0 1649 octies du Code Civil). <\/p>\n\n\n\n<p>En cas de non-conformit\u00e9 d\u2019un produit vendu constat\u00e9e dans le mois de la\nd\u00e9livrance du bien, le consommateur doit la notifier le plus rapidement\npossible au vendeur\/fabricant de mani\u00e8re pr\u00e9cise par lettre recommand\u00e9e ou\ncourrier \u00e9lectronique.<\/p>\n\n\n\n<p>Cette garantie ne couvre que les d\u00e9fauts de conformit\u00e9 existants au\nmoment de la livraison des biens. Des d\u00e9fauts ou des d\u00e9g\u00e2ts dus \u00e0 une mauvaise\nutilisation, tels que des d\u00e9g\u00e2ts d\u2019eau, oxydation, chute ou choc, n\u00e9gligence et\nusure, ne sont pas couverts par la garantie. <\/p>\n\n\n\n<p>La facture ou le bon de livraison font office de titre de garantie et\ndoivent \u00eatre conserv\u00e9s par le consommateur et produits en original.&nbsp; <\/p>\n\n\n\n<h2 class=\"wp-block-heading\"><strong>ARTICLE 11 : RESPONSABILIT\u00c9<\/strong><\/h2>\n\n\n\n<p>Le vendeur\/fabricant, dans le processus de vente en ligne, n\u2019est tenu\nque par une obligation de moyens&nbsp;; sa responsabilit\u00e9 ne pourra \u00eatre\nengag\u00e9e pour un dommage r\u00e9sultant de l\u2019utilisation du r\u00e9seau Internet tel que\nperte de donn\u00e9es, intrusion, virus, rupture du service, ou autres probl\u00e8mes\ninvolontaires. <\/p>\n\n\n\n<p>Les donn\u00e9es reprises sur le site sont pas ailleurs donn\u00e9es de bonne foi.\nLes liens propos\u00e9s vers les sites des fabricants et\/ou des partenaires sont\ndonn\u00e9s \u00e0 titre informatif. Le vendeur\/fabricant ne peut \u00eatre tenu responsable\ndes informations provenant de ces sites. <\/p>\n\n\n\n<h2 class=\"wp-block-heading\"><strong>ARTICLE 12 : PROPRI\u00c9T\u00c9 INTELLECTUELLE<\/strong><\/h2>\n\n\n\n<p>Tous les \u00e9l\u00e9ments du site du vendeur\/fabricant sont et restent la\npropri\u00e9t\u00e9 intellectuelle et exclusive de celui-ci. <\/p>\n\n\n\n<p>Personne n\u2019est autoris\u00e9 \u00e0 reproduire, exploiter, rediffuser ou utiliser\n\u00e0 quelque titre que ce soit, m\u00eame partiellement, des \u00e9l\u00e9ments du site qu\u2019ils\nsoient logiciels, visuels ou sonores.<\/p>\n\n\n\n<p>Tout lien simple ou par hypertexte est strictement interdit sans un\naccord \u00e9crit pr\u00e9alable expr\u00e8s du vendeur\/fabricant. <\/p>\n\n\n\n<h2 class=\"wp-block-heading\"><strong>ARTICLE 13 : DONN\u00c9ES \u00c0 CARACT\u00c8RE PERSONNEL<\/strong><\/h2>\n\n\n\n<p>Toutes les donn\u00e9es personnelles n\u00e9cessaires au traitement d\u2019une commande\nsont conserv\u00e9es par le vendeur\/fabricant et\/ou ses collaborateurs, et peuvent\n\u00eatre transmise aux entreprises avec lesquelles le vendeur\/fournisseur collabore\nlorsqu\u2019une telle communication est n\u00e9cessaire au traitement de la commande. <\/p>\n\n\n\n<p>L\u2019utilisateur autorise par ailleurs \u00e9galement le vendeur\/fabricant \u00e0\nemployer ces donn\u00e9es pour \u00e9tablir des statistiques afin d\u2019am\u00e9liorer son site et\nles biens qu\u2019il propose. <\/p>\n\n\n\n<p>Le vendeur\/fabricant conserve enfin les donn\u00e9es personnelles pour\nfaciliter les commandes ult\u00e9rieures. <\/p>\n\n\n\n<p>Le vendeur\/fabricant s\u2019engage pour le surplus \u00e0 ne pas divulguer les\nrenseignements dont il dispose \u00e0 une autre soci\u00e9t\u00e9 ou une autre entreprise. <\/p>\n\n\n\n<p>Les donn\u00e9es conserv\u00e9es par le vendeur\/fabricant peuvent \u00e0 tout moment\n\u00eatre demand\u00e9es, corrig\u00e9es ou supprim\u00e9es sur simple demande. <\/p>\n\n\n\n<h2 class=\"wp-block-heading\"><strong>ARTICLE 14 : PREUVE<\/strong><\/h2>\n\n\n\n<p>Les parties acceptent, dans le cadre de leurs relations, les moyens de\npreuves \u00e9lectroniques.<\/p>\n\n\n\n<h2 class=\"wp-block-heading\"><strong>ARTICLE 15 : R\u00c8GLEMENT DES LITIGES<\/strong><\/h2>\n\n\n\n<p>Les pr\u00e9sentes conditions de vente en ligne sont soumises \u00e0 la loi Belge.\n<\/p>\n\n\n\n<p>En cas de litige, les tribunaux de la ville de Li\u00e8ge sont comp\u00e9tents,\nsauf disposition d\u2019ordre public contraignantes. <\/p>\n","protected":false},"excerpt":{"rendered":"<p>ARTICLE 1 : PR\u00c9AMBULE Les pr\u00e9sentes conditions de vente sont conclues, d\u2019une part, par la soci\u00e9t\u00e9 SOLES MUNDI SPRL, dont le si\u00e8ge social est sis \u00e0 Avenue de Lambusart 25(1) 6220 Fleurus, inscrite \u00e0 la BCE sous le num\u00e9ro 0683 984 414, ci-apr\u00e8s d\u00e9nomm\u00e9e \u00ab&nbsp;Le vendeur\/fabricant&nbsp;\u00bb, et d\u2019autre part, par toute personne physique ou morale [&hellip;]<\/p>\n","protected":false},"author":1,"featured_media":0,"parent":0,"menu_order":0,"comment_status":"closed","ping_status":"closed","template":"","meta":{"_acf_changed":false,"footnotes":""},"folder":[],"class_list":["post-91","page","type-page","status-publish","hentry"],"acf":[],"yoast_head":"<!-- This site is optimized with the Yoast SEO plugin v26.8 - https:\/\/yoast.com\/product\/yoast-seo-wordpress\/ -->\n<title>Conditions g\u00e9n\u00e9rales de vente - Soles Mundi Espa\u00f1a<\/title>\n<meta name=\"robots\" content=\"index, follow, max-snippet:-1, max-image-preview:large, max-video-preview:-1\" \/>\n<link rel=\"canonical\" href=\"https:\/\/soles-mundi.com\/es-es\/conditions-generales\/\" \/>\n<meta property=\"og:locale\" content=\"es_ES\" \/>\n<meta property=\"og:type\" content=\"article\" \/>\n<meta property=\"og:title\" content=\"Conditions g\u00e9n\u00e9rales de vente - Soles Mundi Espa\u00f1a\" \/>\n<meta property=\"og:description\" content=\"ARTICLE 1 : PR\u00c9AMBULE Les pr\u00e9sentes conditions de vente sont conclues, d\u2019une part, par la soci\u00e9t\u00e9 SOLES MUNDI SPRL, dont le si\u00e8ge social est sis \u00e0 Avenue de Lambusart 25(1) 6220 Fleurus, inscrite \u00e0 la BCE sous le num\u00e9ro 0683 984 414, ci-apr\u00e8s d\u00e9nomm\u00e9e \u00ab&nbsp;Le vendeur\/fabricant&nbsp;\u00bb, et d\u2019autre part, par toute personne physique ou morale [&hellip;]\" \/>\n<meta property=\"og:url\" content=\"https:\/\/soles-mundi.com\/es-es\/conditions-generales\/\" \/>\n<meta property=\"og:site_name\" content=\"Soles Mundi Espa\u00f1a\" \/>\n<meta name=\"twitter:card\" content=\"summary_large_image\" \/>\n<meta name=\"twitter:label1\" content=\"Tiempo de lectura\" \/>\n\t<meta name=\"twitter:data1\" content=\"7 minutos\" \/>\n<script type=\"application\/ld+json\" class=\"yoast-schema-graph\">{\"@context\":\"https:\/\/schema.org\",\"@graph\":[{\"@type\":\"WebPage\",\"@id\":\"https:\/\/soles-mundi.com\/es-es\/conditions-generales\/\",\"url\":\"https:\/\/soles-mundi.com\/es-es\/conditions-generales\/\",\"name\":\"Conditions g\u00e9n\u00e9rales de vente - Soles Mundi Espa\u00f1a\",\"isPartOf\":{\"@id\":\"https:\/\/soles-mundi.com\/es-es\/#website\"},\"datePublished\":\"2019-05-16T20:42:11+00:00\",\"breadcrumb\":{\"@id\":\"https:\/\/soles-mundi.com\/es-es\/conditions-generales\/#breadcrumb\"},\"inLanguage\":\"es\",\"potentialAction\":[{\"@type\":\"ReadAction\",\"target\":[\"https:\/\/soles-mundi.com\/es-es\/conditions-generales\/\"]}]},{\"@type\":\"BreadcrumbList\",\"@id\":\"https:\/\/soles-mundi.com\/es-es\/conditions-generales\/#breadcrumb\",\"itemListElement\":[{\"@type\":\"ListItem\",\"position\":1,\"name\":\"Portada\",\"item\":\"https:\/\/soles-mundi.com\/es-es\/\"},{\"@type\":\"ListItem\",\"position\":2,\"name\":\"Conditions g\u00e9n\u00e9rales de vente\"}]},{\"@type\":\"WebSite\",\"@id\":\"https:\/\/soles-mundi.com\/es-es\/#website\",\"url\":\"https:\/\/soles-mundi.com\/es-es\/\",\"name\":\"Soles Mundi Espa\u00f1a\",\"description\":\"Un site utilisant Les sites de Soles Mundi\",\"potentialAction\":[{\"@type\":\"SearchAction\",\"target\":{\"@type\":\"EntryPoint\",\"urlTemplate\":\"https:\/\/soles-mundi.com\/es-es\/?s={search_term_string}\"},\"query-input\":{\"@type\":\"PropertyValueSpecification\",\"valueRequired\":true,\"valueName\":\"search_term_string\"}}],\"inLanguage\":\"es\"}]}<\/script>\n<!-- \/ Yoast SEO plugin. -->","yoast_head_json":{"title":"Conditions g\u00e9n\u00e9rales de vente - Soles Mundi Espa\u00f1a","robots":{"index":"index","follow":"follow","max-snippet":"max-snippet:-1","max-image-preview":"max-image-preview:large","max-video-preview":"max-video-preview:-1"},"canonical":"https:\/\/soles-mundi.com\/es-es\/conditions-generales\/","og_locale":"es_ES","og_type":"article","og_title":"Conditions g\u00e9n\u00e9rales de vente - Soles Mundi Espa\u00f1a","og_description":"ARTICLE 1 : PR\u00c9AMBULE Les pr\u00e9sentes conditions de vente sont conclues, d\u2019une part, par la soci\u00e9t\u00e9 SOLES MUNDI SPRL, dont le si\u00e8ge social est sis \u00e0 Avenue de Lambusart 25(1) 6220 Fleurus, inscrite \u00e0 la BCE sous le num\u00e9ro 0683 984 414, ci-apr\u00e8s d\u00e9nomm\u00e9e \u00ab&nbsp;Le vendeur\/fabricant&nbsp;\u00bb, et d\u2019autre part, par toute personne physique ou morale [&hellip;]","og_url":"https:\/\/soles-mundi.com\/es-es\/conditions-generales\/","og_site_name":"Soles Mundi Espa\u00f1a","twitter_card":"summary_large_image","twitter_misc":{"Tiempo de lectura":"7 minutos"},"schema":{"@context":"https:\/\/schema.org","@graph":[{"@type":"WebPage","@id":"https:\/\/soles-mundi.com\/es-es\/conditions-generales\/","url":"https:\/\/soles-mundi.com\/es-es\/conditions-generales\/","name":"Conditions g\u00e9n\u00e9rales de vente - Soles Mundi Espa\u00f1a","isPartOf":{"@id":"https:\/\/soles-mundi.com\/es-es\/#website"},"datePublished":"2019-05-16T20:42:11+00:00","breadcrumb":{"@id":"https:\/\/soles-mundi.com\/es-es\/conditions-generales\/#breadcrumb"},"inLanguage":"es","potentialAction":[{"@type":"ReadAction","target":["https:\/\/soles-mundi.com\/es-es\/conditions-generales\/"]}]},{"@type":"BreadcrumbList","@id":"https:\/\/soles-mundi.com\/es-es\/conditions-generales\/#breadcrumb","itemListElement":[{"@type":"ListItem","position":1,"name":"Portada","item":"https:\/\/soles-mundi.com\/es-es\/"},{"@type":"ListItem","position":2,"name":"Conditions g\u00e9n\u00e9rales de vente"}]},{"@type":"WebSite","@id":"https:\/\/soles-mundi.com\/es-es\/#website","url":"https:\/\/soles-mundi.com\/es-es\/","name":"Soles Mundi Espa\u00f1a","description":"Un site utilisant Les sites de Soles Mundi","potentialAction":[{"@type":"SearchAction","target":{"@type":"EntryPoint","urlTemplate":"https:\/\/soles-mundi.com\/es-es\/?s={search_term_string}"},"query-input":{"@type":"PropertyValueSpecification","valueRequired":true,"valueName":"search_term_string"}}],"inLanguage":"es"}]}},"_links":{"self":[{"href":"https:\/\/soles-mundi.com\/es-es\/wp-json\/wp\/v2\/pages\/91","targetHints":{"allow":["GET"]}}],"collection":[{"href":"https:\/\/soles-mundi.com\/es-es\/wp-json\/wp\/v2\/pages"}],"about":[{"href":"https:\/\/soles-mundi.com\/es-es\/wp-json\/wp\/v2\/types\/page"}],"author":[{"embeddable":true,"href":"https:\/\/soles-mundi.com\/es-es\/wp-json\/wp\/v2\/users\/1"}],"replies":[{"embeddable":true,"href":"https:\/\/soles-mundi.com\/es-es\/wp-json\/wp\/v2\/comments?post=91"}],"version-history":[{"count":0,"href":"https:\/\/soles-mundi.com\/es-es\/wp-json\/wp\/v2\/pages\/91\/revisions"}],"wp:attachment":[{"href":"https:\/\/soles-mundi.com\/es-es\/wp-json\/wp\/v2\/media?parent=91"}],"wp:term":[{"taxonomy":"folder","embeddable":true,"href":"https:\/\/soles-mundi.com\/es-es\/wp-json\/wp\/v2\/folder?post=91"}],"curies":[{"name":"wp","href":"https:\/\/api.w.org\/{rel}","templated":true}]}}