{"id":49,"date":"2019-05-06T15:08:15","date_gmt":"2019-05-06T13:08:15","guid":{"rendered":"https:\/\/staging.odysem.com\/?page_id=49"},"modified":"2020-03-09T22:15:46","modified_gmt":"2020-03-09T21:15:46","slug":"silico-organico","status":"publish","type":"page","link":"https:\/\/soles-mundi.com\/es-es\/silico-organico\/","title":{"rendered":"Silicium Organique Si+"},"content":{"rendered":"","protected":false},"excerpt":{"rendered":"","protected":false},"author":1,"featured_media":0,"parent":0,"menu_order":0,"comment_status":"closed","ping_status":"closed","template":"","meta":{"_acf_changed":false,"footnotes":""},"folder":[],"class_list":["post-49","page","type-page","status-publish","hentry"],"acf":[],"yoast_head":"<!-- This site is optimized with the Yoast SEO plugin v26.8 - https:\/\/yoast.com\/product\/yoast-seo-wordpress\/ -->\n<title>Le Silicium Organique Si+ pour le retour de votre bien-\u00eatre | Soles Mundi<\/title>\n<meta name=\"description\" content=\"Notre silicium organique est 5,6x plus assimilable que les autres mol\u00e9cules du march\u00e9. Et 36,2% plus concentr\u00e9. Avec lui, retrouvez enfin votre bien-\u00eatre !\" \/>\n<meta name=\"robots\" content=\"index, follow, max-snippet:-1, max-image-preview:large, max-video-preview:-1\" \/>\n<link rel=\"canonical\" href=\"https:\/\/soles-mundi.com\/es-es\/silico-organico\/\" \/>\n<meta property=\"og:locale\" content=\"es_ES\" \/>\n<meta property=\"og:type\" content=\"article\" \/>\n<meta property=\"og:title\" content=\"Le Silicium Organique Si+ pour le retour de votre bien-\u00eatre | Soles Mundi\" \/>\n<meta property=\"og:description\" content=\"Notre silicium organique est 5,6x plus assimilable que les autres mol\u00e9cules du march\u00e9. Et 36,2% plus concentr\u00e9. Avec lui, retrouvez enfin votre bien-\u00eatre !\" \/>\n<meta property=\"og:url\" content=\"https:\/\/soles-mundi.com\/es-es\/silico-organico\/\" \/>\n<meta property=\"og:site_name\" content=\"Soles Mundi Espa\u00f1a\" \/>\n<meta property=\"article:modified_time\" content=\"2020-03-09T21:15:46+00:00\" \/>\n<meta name=\"twitter:card\" content=\"summary_large_image\" \/>\n<script type=\"application\/ld+json\" class=\"yoast-schema-graph\">{\"@context\":\"https:\/\/schema.org\",\"@graph\":[{\"@type\":\"WebPage\",\"@id\":\"https:\/\/soles-mundi.com\/es-es\/silico-organico\/\",\"url\":\"https:\/\/soles-mundi.com\/es-es\/silico-organico\/\",\"name\":\"Le Silicium Organique Si+ pour le retour de votre bien-\u00eatre | Soles Mundi\",\"isPartOf\":{\"@id\":\"https:\/\/soles-mundi.com\/es-es\/#website\"},\"datePublished\":\"2019-05-06T13:08:15+00:00\",\"dateModified\":\"2020-03-09T21:15:46+00:00\",\"description\":\"Notre silicium organique est 5,6x plus assimilable que les autres mol\u00e9cules du march\u00e9. Et 36,2% plus concentr\u00e9. Avec lui, retrouvez enfin votre bien-\u00eatre !\",\"breadcrumb\":{\"@id\":\"https:\/\/soles-mundi.com\/es-es\/silico-organico\/#breadcrumb\"},\"inLanguage\":\"es\",\"potentialAction\":[{\"@type\":\"ReadAction\",\"target\":[\"https:\/\/soles-mundi.com\/es-es\/silico-organico\/\"]}]},{\"@type\":\"BreadcrumbList\",\"@id\":\"https:\/\/soles-mundi.com\/es-es\/silico-organico\/#breadcrumb\",\"itemListElement\":[{\"@type\":\"ListItem\",\"position\":1,\"name\":\"Portada\",\"item\":\"https:\/\/soles-mundi.com\/es-es\/\"},{\"@type\":\"ListItem\",\"position\":2,\"name\":\"Silicium Organique Si+\"}]},{\"@type\":\"WebSite\",\"@id\":\"https:\/\/soles-mundi.com\/es-es\/#website\",\"url\":\"https:\/\/soles-mundi.com\/es-es\/\",\"name\":\"Soles Mundi Espa\u00f1a\",\"description\":\"Un site utilisant Les sites de Soles Mundi\",\"potentialAction\":[{\"@type\":\"SearchAction\",\"target\":{\"@type\":\"EntryPoint\",\"urlTemplate\":\"https:\/\/soles-mundi.com\/es-es\/?s={search_term_string}\"},\"query-input\":{\"@type\":\"PropertyValueSpecification\",\"valueRequired\":true,\"valueName\":\"search_term_string\"}}],\"inLanguage\":\"es\"}]}<\/script>\n<!-- \/ Yoast SEO plugin. -->","yoast_head_json":{"title":"Le Silicium Organique Si+ pour le retour de votre bien-\u00eatre | Soles Mundi","description":"Notre silicium organique est 5,6x plus assimilable que les autres mol\u00e9cules du march\u00e9. Et 36,2% plus concentr\u00e9. Avec lui, retrouvez enfin votre bien-\u00eatre !","robots":{"index":"index","follow":"follow","max-snippet":"max-snippet:-1","max-image-preview":"max-image-preview:large","max-video-preview":"max-video-preview:-1"},"canonical":"https:\/\/soles-mundi.com\/es-es\/silico-organico\/","og_locale":"es_ES","og_type":"article","og_title":"Le Silicium Organique Si+ pour le retour de votre bien-\u00eatre | Soles Mundi","og_description":"Notre silicium organique est 5,6x plus assimilable que les autres mol\u00e9cules du march\u00e9. Et 36,2% plus concentr\u00e9. Avec lui, retrouvez enfin votre bien-\u00eatre !","og_url":"https:\/\/soles-mundi.com\/es-es\/silico-organico\/","og_site_name":"Soles Mundi Espa\u00f1a","article_modified_time":"2020-03-09T21:15:46+00:00","twitter_card":"summary_large_image","schema":{"@context":"https:\/\/schema.org","@graph":[{"@type":"WebPage","@id":"https:\/\/soles-mundi.com\/es-es\/silico-organico\/","url":"https:\/\/soles-mundi.com\/es-es\/silico-organico\/","name":"Le Silicium Organique Si+ pour le retour de votre bien-\u00eatre | Soles Mundi","isPartOf":{"@id":"https:\/\/soles-mundi.com\/es-es\/#website"},"datePublished":"2019-05-06T13:08:15+00:00","dateModified":"2020-03-09T21:15:46+00:00","description":"Notre silicium organique est 5,6x plus assimilable que les autres mol\u00e9cules du march\u00e9. Et 36,2% plus concentr\u00e9. Avec lui, retrouvez enfin votre bien-\u00eatre !","breadcrumb":{"@id":"https:\/\/soles-mundi.com\/es-es\/silico-organico\/#breadcrumb"},"inLanguage":"es","potentialAction":[{"@type":"ReadAction","target":["https:\/\/soles-mundi.com\/es-es\/silico-organico\/"]}]},{"@type":"BreadcrumbList","@id":"https:\/\/soles-mundi.com\/es-es\/silico-organico\/#breadcrumb","itemListElement":[{"@type":"ListItem","position":1,"name":"Portada","item":"https:\/\/soles-mundi.com\/es-es\/"},{"@type":"ListItem","position":2,"name":"Silicium Organique Si+"}]},{"@type":"WebSite","@id":"https:\/\/soles-mundi.com\/es-es\/#website","url":"https:\/\/soles-mundi.com\/es-es\/","name":"Soles Mundi Espa\u00f1a","description":"Un site utilisant Les sites de Soles Mundi","potentialAction":[{"@type":"SearchAction","target":{"@type":"EntryPoint","urlTemplate":"https:\/\/soles-mundi.com\/es-es\/?s={search_term_string}"},"query-input":{"@type":"PropertyValueSpecification","valueRequired":true,"valueName":"search_term_string"}}],"inLanguage":"es"}]}},"_links":{"self":[{"href":"https:\/\/soles-mundi.com\/es-es\/wp-json\/wp\/v2\/pages\/49","targetHints":{"allow":["GET"]}}],"collection":[{"href":"https:\/\/soles-mundi.com\/es-es\/wp-json\/wp\/v2\/pages"}],"about":[{"href":"https:\/\/soles-mundi.com\/es-es\/wp-json\/wp\/v2\/types\/page"}],"author":[{"embeddable":true,"href":"https:\/\/soles-mundi.com\/es-es\/wp-json\/wp\/v2\/users\/1"}],"replies":[{"embeddable":true,"href":"https:\/\/soles-mundi.com\/es-es\/wp-json\/wp\/v2\/comments?post=49"}],"version-history":[{"count":1,"href":"https:\/\/soles-mundi.com\/es-es\/wp-json\/wp\/v2\/pages\/49\/revisions"}],"predecessor-version":[{"id":4854,"href":"https:\/\/soles-mundi.com\/es-es\/wp-json\/wp\/v2\/pages\/49\/revisions\/4854"}],"wp:attachment":[{"href":"https:\/\/soles-mundi.com\/es-es\/wp-json\/wp\/v2\/media?parent=49"}],"wp:term":[{"taxonomy":"folder","embeddable":true,"href":"https:\/\/soles-mundi.com\/es-es\/wp-json\/wp\/v2\/folder?post=49"}],"curies":[{"name":"wp","href":"https:\/\/api.w.org\/{rel}","templated":true}]}}