{"id":219,"date":"2019-05-29T10:01:46","date_gmt":"2019-05-29T08:01:46","guid":{"rendered":"https:\/\/soles-mundi.com\/fr-fr\/?page_id=219"},"modified":"2020-03-09T23:16:42","modified_gmt":"2020-03-09T22:16:42","slug":"puntos-de-venta","status":"publish","type":"page","link":"https:\/\/soles-mundi.com\/es-es\/puntos-de-venta\/","title":{"rendered":"Puntos de venta"},"content":{"rendered":"\n<p>Encuentra el punto de venta m\u00e1s cercano. Nuestros productos de silicio org\u00e1nico Si + est\u00e1n presentes en m\u00e1s de 410 farmacias.<\/p>\n\n\n<style>\r\n\t#wpsl-stores .wpsl-store-thumb {height:45px !important; width:45px !important;}\r\n\t#wpsl-stores, #wpsl-direction-details, #wpsl-gmap {height:350px !important;}\r\n\t#wpsl-gmap .wpsl-info-window {max-width:225px !important;}\r\n\t.wpsl-input label, #wpsl-radius label, #wpsl-category label {width:95px;}\r\n\t#wpsl-search-input  {width:179px;}\r\n<\/style>\r\n<div id=\"wpsl-wrap\">\r\n\t<div class=\"wpsl-search wpsl-clearfix \">\r\n\t\t<div id=\"wpsl-search-wrap\">\r\n\t\t\t<form autocomplete=\"off\">\r\n\t\t\t<div class=\"wpsl-input\">\r\n\t\t\t\t<div><label for=\"wpsl-search-input\">Tu ubicaci\u00f3n<\/label><\/div>\r\n\t\t\t\t<input id=\"wpsl-search-input\" type=\"text\" value=\"\" name=\"wpsl-search-input\" placeholder=\"\" aria-required=\"true\" \/>\r\n\t\t\t<\/div>\r\n\t\t\t<div class=\"wpsl-select-wrap\">\r\n\t\t\t\t<div id=\"wpsl-radius\">\r\n\t\t\t\t\t<label for=\"wpsl-radius-dropdown\">Radio de b\u00fasqueda<\/label>\r\n\t\t\t\t\t<select id=\"wpsl-radius-dropdown\" class=\"wpsl-dropdown\" name=\"wpsl-radius\">\r\n\t\t\t\t\t\t<option value=\"10\">10 km<\/option><option value=\"25\">25 km<\/option><option selected=\"selected\" value=\"50\">50 km<\/option><option value=\"100\">100 km<\/option><option value=\"200\">200 km<\/option><option value=\"500\">500 km<\/option>\r\n\t\t\t\t\t<\/select>\r\n\t\t\t\t<\/div>\r\n\t\t\t\t<div id=\"wpsl-results\">\r\n\t\t\t\t\t<label for=\"wpsl-results-dropdown\">Resultados<\/label>\r\n\t\t\t\t\t<select id=\"wpsl-results-dropdown\" class=\"wpsl-dropdown\" name=\"wpsl-results\">\r\n\t\t\t\t\t\t<option selected=\"selected\" value=\"25\">25<\/option><option value=\"50\">50<\/option><option value=\"75\">75<\/option><option value=\"100\">100<\/option>\r\n\t\t\t\t\t<\/select>\r\n\t\t\t\t<\/div>\r\n\t\t\t<\/div>\r\n\t\t\t\t<div class=\"wpsl-search-btn-wrap\"><input id=\"wpsl-search-btn\" type=\"submit\" value=\"Buscar\"><\/div>\r\n\t\t<\/form>\r\n\t\t<\/div>\r\n\t<\/div>\r\n\t<div id=\"wpsl-gmap\" class=\"wpsl-gmap-canvas\"><\/div>\r\n\t<div id=\"wpsl-result-list\">\r\n\t\t<div id=\"wpsl-stores\" >\r\n\t\t\t<ul><\/ul>\r\n\t\t<\/div>\r\n\t\t<div id=\"wpsl-direction-details\">\r\n\t\t\t<ul><\/ul>\r\n\t\t<\/div>\r\n\t<\/div>\r\n<\/div>\r\n\n","protected":false},"excerpt":{"rendered":"<p>Encuentra el punto de venta m\u00e1s cercano. Nuestros productos de silicio org\u00e1nico Si + est\u00e1n presentes en m\u00e1s de 410 farmacias.<\/p>\n","protected":false},"author":1,"featured_media":0,"parent":0,"menu_order":0,"comment_status":"closed","ping_status":"closed","template":"","meta":{"_acf_changed":false,"footnotes":""},"folder":[],"class_list":["post-219","page","type-page","status-publish","hentry"],"acf":[],"yoast_head":"<!-- This site is optimized with the Yoast SEO plugin v26.8 - https:\/\/yoast.com\/product\/yoast-seo-wordpress\/ -->\n<title>Retrouvez le silicium organique Si+ dans une pharmacie proche de vous<\/title>\n<meta name=\"description\" content=\"Notre silicium organique Si+ est vendu dans plus de 355 pharmacies en France. Trouvez en une proche de chez vous avec notre localisateur de points de vente.\" \/>\n<meta name=\"robots\" content=\"index, follow, max-snippet:-1, max-image-preview:large, max-video-preview:-1\" \/>\n<link rel=\"canonical\" href=\"https:\/\/soles-mundi.com\/es-es\/puntos-de-venta\/\" \/>\n<meta property=\"og:locale\" content=\"es_ES\" \/>\n<meta property=\"og:type\" content=\"article\" \/>\n<meta property=\"og:title\" content=\"Retrouvez le silicium organique Si+ dans une pharmacie proche de vous\" \/>\n<meta property=\"og:description\" content=\"Notre silicium organique Si+ est vendu dans plus de 355 pharmacies en France. Trouvez en une proche de chez vous avec notre localisateur de points de vente.\" \/>\n<meta property=\"og:url\" content=\"https:\/\/soles-mundi.com\/es-es\/puntos-de-venta\/\" \/>\n<meta property=\"og:site_name\" content=\"Soles Mundi Espa\u00f1a\" \/>\n<meta property=\"article:modified_time\" content=\"2020-03-09T22:16:42+00:00\" \/>\n<meta name=\"twitter:card\" content=\"summary_large_image\" \/>\n<script type=\"application\/ld+json\" class=\"yoast-schema-graph\">{\"@context\":\"https:\/\/schema.org\",\"@graph\":[{\"@type\":\"WebPage\",\"@id\":\"https:\/\/soles-mundi.com\/es-es\/puntos-de-venta\/\",\"url\":\"https:\/\/soles-mundi.com\/es-es\/puntos-de-venta\/\",\"name\":\"Retrouvez le silicium organique Si+ dans une pharmacie proche de vous\",\"isPartOf\":{\"@id\":\"https:\/\/soles-mundi.com\/es-es\/#website\"},\"datePublished\":\"2019-05-29T08:01:46+00:00\",\"dateModified\":\"2020-03-09T22:16:42+00:00\",\"description\":\"Notre silicium organique Si+ est vendu dans plus de 355 pharmacies en France. Trouvez en une proche de chez vous avec notre localisateur de points de vente.\",\"breadcrumb\":{\"@id\":\"https:\/\/soles-mundi.com\/es-es\/puntos-de-venta\/#breadcrumb\"},\"inLanguage\":\"es\",\"potentialAction\":[{\"@type\":\"ReadAction\",\"target\":[\"https:\/\/soles-mundi.com\/es-es\/puntos-de-venta\/\"]}]},{\"@type\":\"BreadcrumbList\",\"@id\":\"https:\/\/soles-mundi.com\/es-es\/puntos-de-venta\/#breadcrumb\",\"itemListElement\":[{\"@type\":\"ListItem\",\"position\":1,\"name\":\"Portada\",\"item\":\"https:\/\/soles-mundi.com\/es-es\/\"},{\"@type\":\"ListItem\",\"position\":2,\"name\":\"Puntos de venta\"}]},{\"@type\":\"WebSite\",\"@id\":\"https:\/\/soles-mundi.com\/es-es\/#website\",\"url\":\"https:\/\/soles-mundi.com\/es-es\/\",\"name\":\"Soles Mundi Espa\u00f1a\",\"description\":\"Un site utilisant Les sites de Soles Mundi\",\"potentialAction\":[{\"@type\":\"SearchAction\",\"target\":{\"@type\":\"EntryPoint\",\"urlTemplate\":\"https:\/\/soles-mundi.com\/es-es\/?s={search_term_string}\"},\"query-input\":{\"@type\":\"PropertyValueSpecification\",\"valueRequired\":true,\"valueName\":\"search_term_string\"}}],\"inLanguage\":\"es\"}]}<\/script>\n<!-- \/ Yoast SEO plugin. -->","yoast_head_json":{"title":"Retrouvez le silicium organique Si+ dans une pharmacie proche de vous","description":"Notre silicium organique Si+ est vendu dans plus de 355 pharmacies en France. Trouvez en une proche de chez vous avec notre localisateur de points de vente.","robots":{"index":"index","follow":"follow","max-snippet":"max-snippet:-1","max-image-preview":"max-image-preview:large","max-video-preview":"max-video-preview:-1"},"canonical":"https:\/\/soles-mundi.com\/es-es\/puntos-de-venta\/","og_locale":"es_ES","og_type":"article","og_title":"Retrouvez le silicium organique Si+ dans une pharmacie proche de vous","og_description":"Notre silicium organique Si+ est vendu dans plus de 355 pharmacies en France. Trouvez en une proche de chez vous avec notre localisateur de points de vente.","og_url":"https:\/\/soles-mundi.com\/es-es\/puntos-de-venta\/","og_site_name":"Soles Mundi Espa\u00f1a","article_modified_time":"2020-03-09T22:16:42+00:00","twitter_card":"summary_large_image","schema":{"@context":"https:\/\/schema.org","@graph":[{"@type":"WebPage","@id":"https:\/\/soles-mundi.com\/es-es\/puntos-de-venta\/","url":"https:\/\/soles-mundi.com\/es-es\/puntos-de-venta\/","name":"Retrouvez le silicium organique Si+ dans une pharmacie proche de vous","isPartOf":{"@id":"https:\/\/soles-mundi.com\/es-es\/#website"},"datePublished":"2019-05-29T08:01:46+00:00","dateModified":"2020-03-09T22:16:42+00:00","description":"Notre silicium organique Si+ est vendu dans plus de 355 pharmacies en France. Trouvez en une proche de chez vous avec notre localisateur de points de vente.","breadcrumb":{"@id":"https:\/\/soles-mundi.com\/es-es\/puntos-de-venta\/#breadcrumb"},"inLanguage":"es","potentialAction":[{"@type":"ReadAction","target":["https:\/\/soles-mundi.com\/es-es\/puntos-de-venta\/"]}]},{"@type":"BreadcrumbList","@id":"https:\/\/soles-mundi.com\/es-es\/puntos-de-venta\/#breadcrumb","itemListElement":[{"@type":"ListItem","position":1,"name":"Portada","item":"https:\/\/soles-mundi.com\/es-es\/"},{"@type":"ListItem","position":2,"name":"Puntos de venta"}]},{"@type":"WebSite","@id":"https:\/\/soles-mundi.com\/es-es\/#website","url":"https:\/\/soles-mundi.com\/es-es\/","name":"Soles Mundi Espa\u00f1a","description":"Un site utilisant Les sites de Soles Mundi","potentialAction":[{"@type":"SearchAction","target":{"@type":"EntryPoint","urlTemplate":"https:\/\/soles-mundi.com\/es-es\/?s={search_term_string}"},"query-input":{"@type":"PropertyValueSpecification","valueRequired":true,"valueName":"search_term_string"}}],"inLanguage":"es"}]}},"_links":{"self":[{"href":"https:\/\/soles-mundi.com\/es-es\/wp-json\/wp\/v2\/pages\/219","targetHints":{"allow":["GET"]}}],"collection":[{"href":"https:\/\/soles-mundi.com\/es-es\/wp-json\/wp\/v2\/pages"}],"about":[{"href":"https:\/\/soles-mundi.com\/es-es\/wp-json\/wp\/v2\/types\/page"}],"author":[{"embeddable":true,"href":"https:\/\/soles-mundi.com\/es-es\/wp-json\/wp\/v2\/users\/1"}],"replies":[{"embeddable":true,"href":"https:\/\/soles-mundi.com\/es-es\/wp-json\/wp\/v2\/comments?post=219"}],"version-history":[{"count":2,"href":"https:\/\/soles-mundi.com\/es-es\/wp-json\/wp\/v2\/pages\/219\/revisions"}],"predecessor-version":[{"id":4856,"href":"https:\/\/soles-mundi.com\/es-es\/wp-json\/wp\/v2\/pages\/219\/revisions\/4856"}],"wp:attachment":[{"href":"https:\/\/soles-mundi.com\/es-es\/wp-json\/wp\/v2\/media?parent=219"}],"wp:term":[{"taxonomy":"folder","embeddable":true,"href":"https:\/\/soles-mundi.com\/es-es\/wp-json\/wp\/v2\/folder?post=219"}],"curies":[{"name":"wp","href":"https:\/\/api.w.org\/{rel}","templated":true}]}}